{"id":370,"date":"2022-07-26T22:50:42","date_gmt":"2022-07-26T20:50:42","guid":{"rendered":"https:\/\/ambiente.agrimontana.it\/homepage\/"},"modified":"2023-09-22T20:11:52","modified_gmt":"2023-09-22T18:11:52","slug":"homepage","status":"publish","type":"page","link":"https:\/\/ambiente.agrimontana.it\/fr\/","title":{"rendered":"Homepage"},"content":{"rendered":"\n<h2 class=\"wp-block-heading title\">L&rsquo;ATTENTION AU TERRITOIRE A TOUJOURS \u00c9T\u00c9 L&rsquo;UN DES PILIERS DE L&rsquo;ENTREPRISE, QUI, AUJOURD&rsquo;HUI PLUS QUE JAMAIS, A SOUHAIT\u00c9 ENTREPRENDRE UN PARCOURS VERTUEUX POUR PRODUIRE DE LA QUALIT\u00c9 DE MANI\u00c8RE DURABLE.<\/h2>\n","protected":false},"excerpt":{"rendered":"<p>L&rsquo;ATTENTION AU TERRITOIRE A TOUJOURS \u00c9T\u00c9 L&rsquo;UN DES PILIERS DE L&rsquo;ENTREPRISE, QUI, AUJOURD&rsquo;HUI PLUS QUE JAMAIS, A SOUHAIT\u00c9 ENTREPRENDRE UN [&hellip;]<\/p>\n","protected":false},"author":1,"featured_media":0,"parent":0,"menu_order":0,"comment_status":"closed","ping_status":"open","template":"","meta":{"footnotes":""},"class_list":["post-370","page","type-page","status-publish","hentry"],"acf":[],"_links":{"self":[{"href":"https:\/\/ambiente.agrimontana.it\/fr\/wp-json\/wp\/v2\/pages\/370","targetHints":{"allow":["GET"]}}],"collection":[{"href":"https:\/\/ambiente.agrimontana.it\/fr\/wp-json\/wp\/v2\/pages"}],"about":[{"href":"https:\/\/ambiente.agrimontana.it\/fr\/wp-json\/wp\/v2\/types\/page"}],"author":[{"embeddable":true,"href":"https:\/\/ambiente.agrimontana.it\/fr\/wp-json\/wp\/v2\/users\/1"}],"replies":[{"embeddable":true,"href":"https:\/\/ambiente.agrimontana.it\/fr\/wp-json\/wp\/v2\/comments?post=370"}],"version-history":[{"count":26,"href":"https:\/\/ambiente.agrimontana.it\/fr\/wp-json\/wp\/v2\/pages\/370\/revisions"}],"predecessor-version":[{"id":593,"href":"https:\/\/ambiente.agrimontana.it\/fr\/wp-json\/wp\/v2\/pages\/370\/revisions\/593"}],"wp:attachment":[{"href":"https:\/\/ambiente.agrimontana.it\/fr\/wp-json\/wp\/v2\/media?parent=370"}],"curies":[{"name":"wp","href":"https:\/\/api.w.org\/{rel}","templated":true}]}}