{"id":440,"date":"2022-07-29T10:01:33","date_gmt":"2022-07-29T10:01:33","guid":{"rendered":"https:\/\/ambiente.agrimontana.it\/etichettatura-ambientale\/"},"modified":"2024-05-23T18:39:13","modified_gmt":"2024-05-23T18:39:13","slug":"etichettatura-ambientale","status":"publish","type":"page","link":"https:\/\/ambiente.agrimontana.it\/fr\/etichettatura-ambientale\/","title":{"rendered":"Info-TRI"},"content":{"rendered":"\n<h2 class=\"title wp-block-heading\">QUALIT\u00c9, PROTECTION<\/h2>\n\n<h2 class=\"title wp-block-heading\">DE L&rsquo;ENVIRONNEMENT<\/h2>\n\n<p>et responsabilit\u00e9 dans l&rsquo;utilisation des ressources sont quelques-unes des pr\u00e9cautions qu&rsquo;Agrimontana adopte quotidiennement dans ses processus de travail.<\/p>\n","protected":false},"excerpt":{"rendered":"<p>QUALIT\u00c9, PROTECTION DE L&rsquo;ENVIRONNEMENT et responsabilit\u00e9 dans l&rsquo;utilisation des ressources sont quelques-unes des pr\u00e9cautions qu&rsquo;Agrimontana adopte quotidiennement dans ses processus [&hellip;]<\/p>\n","protected":false},"author":1,"featured_media":0,"parent":0,"menu_order":0,"comment_status":"closed","ping_status":"closed","template":"archive-prodotti.php","meta":{"footnotes":""},"class_list":["post-440","page","type-page","status-publish","hentry"],"acf":[],"_links":{"self":[{"href":"https:\/\/ambiente.agrimontana.it\/fr\/wp-json\/wp\/v2\/pages\/440","targetHints":{"allow":["GET"]}}],"collection":[{"href":"https:\/\/ambiente.agrimontana.it\/fr\/wp-json\/wp\/v2\/pages"}],"about":[{"href":"https:\/\/ambiente.agrimontana.it\/fr\/wp-json\/wp\/v2\/types\/page"}],"author":[{"embeddable":true,"href":"https:\/\/ambiente.agrimontana.it\/fr\/wp-json\/wp\/v2\/users\/1"}],"replies":[{"embeddable":true,"href":"https:\/\/ambiente.agrimontana.it\/fr\/wp-json\/wp\/v2\/comments?post=440"}],"version-history":[{"count":21,"href":"https:\/\/ambiente.agrimontana.it\/fr\/wp-json\/wp\/v2\/pages\/440\/revisions"}],"predecessor-version":[{"id":642,"href":"https:\/\/ambiente.agrimontana.it\/fr\/wp-json\/wp\/v2\/pages\/440\/revisions\/642"}],"wp:attachment":[{"href":"https:\/\/ambiente.agrimontana.it\/fr\/wp-json\/wp\/v2\/media?parent=440"}],"curies":[{"name":"wp","href":"https:\/\/api.w.org\/{rel}","templated":true}]}}